{"id":2,"date":"2025-03-01T14:56:12","date_gmt":"2025-03-01T13:56:12","guid":{"rendered":"http:\/\/xn--turbosprarki-cwb00l.pl\/?page_id=2"},"modified":"2025-11-22T23:11:46","modified_gmt":"2025-11-22T22:11:46","slug":"przykladowa-strona","status":"publish","type":"page","link":"https:\/\/xn--turbosprarki-cwb00l.pl\/","title":{"rendered":"Start"},"content":{"rendered":"\t\t<div data-elementor-type=\"wp-page\" data-elementor-id=\"2\" class=\"elementor elementor-2\" data-elementor-post-type=\"page\">\n\t\t\t\t<div class=\"elementor-element elementor-element-b6017eb e-flex e-con-boxed e-con e-parent\" data-id=\"b6017eb\" data-element_type=\"container\">\n\t\t\t\t\t<div class=\"e-con-inner\">\n\t\t\t\t<div class=\"elementor-element elementor-element-fd2eb10 exad-sticky-section-no exad-glass-effect-no elementor-widget elementor-widget-slider_revolution\" data-id=\"fd2eb10\" data-element_type=\"widget\" data-widget_type=\"slider_revolution.default\">\n\t\t\t\t<div class=\"elementor-widget-container\">\n\t\t\t\t\t\n\t\t<div class=\"wp-block-themepunch-revslider\">\n\t\t\t\t<p class=\"rs-p-wp-fix\"><\/p>\n\t\t\t\t<sr7-module data-alias=\"neon-wordpress-slider\" data-id=\"1\" id=\"SR7_1_1\" class=\"rs-respect-topbar rs-ov-hidden\" data-version=\"6.7.37\">\n\t\t\t\t\t<sr7-adjuster><\/sr7-adjuster>\n\t\t\t\t\t<sr7-content>\n\t\t\t\t\t\t<sr7-slide id=\"SR7_1_1-1\" data-key=\"1\">\n\t\t\t\t\t\t\t<sr7-bg id=\"SR7_1_1-1-7\" class=\"sr7-layer\"><noscript><img decoding=\"async\" src=\"https:\/\/xn--turbosprarki-cwb00l.pl\/wp-content\/uploads\/2025\/11\/Regeneracja-turbin.webp\" alt=\"\" title=\"Regeneracja turbin\"><\/noscript><\/sr7-bg>\n\t\t\t\t\t\t\t<h2 id=\"SR7_1_1-1-0\" class=\"sr7-layer\">Regeneracja<br \/>\nTurbospr\u0119\u017carek<\/h2>\n\t\t\t\t\t\t\t<p id=\"SR7_1_1-1-2\" class=\"sr7-layer\">Regenerujemy turbiny do ka\u017cdego pojazdu osobowego, ci\u0119\u017carowego .<\/p>\n\t\t\t\t\t\t\t<h4 id=\"SR7_1_1-1-3\" class=\"sr7-layer\">Gwarancja satysfakcji 1 rok<\/h4>\n\t\t\t\t\t\t\t<a id=\"SR7_1_1-1-4\" class=\"sr7-layer\" href=\"#\" target=\"_blank\" rel=\"noopener\">Naprawa tubin - oferta<\/a>\n\t\t\t\t\t\t<\/sr7-slide>\n\t\t\t\t\t\t<sr7-slide id=\"SR7_1_1-2\" data-key=\"2\">\n\t\t\t\t\t\t\t<sr7-bg id=\"SR7_1_1-2-7\" class=\"sr7-layer\"><noscript><img decoding=\"async\" src=\"https:\/\/xn--turbosprarki-cwb00l.pl\/wp-content\/uploads\/2025\/11\/Regeneracja-BPV-EGR.webp\" alt=\"\" title=\"Regeneracja BPV &#8211; EGR\"><\/noscript><\/sr7-bg>\n\t\t\t\t\t\t\t<h2 id=\"SR7_1_1-2-0\" class=\"sr7-layer\">Regeneracja zawor\u00f3w <br \/>\nBPV | EGR<\/h2>\n\t\t\t\t\t\t\t<p id=\"SR7_1_1-2-2\" class=\"sr7-layer\">Naprawiamy zawory montowane w pojazdach marki DAF 106, MAN, Scania.<\/p>\n\t\t\t\t\t\t\t<h4 id=\"SR7_1_1-2-3\" class=\"sr7-layer\">Najszybsza regeneracja<\/h4>\n\t\t\t\t\t\t\t<a id=\"SR7_1_1-2-4\" class=\"sr7-layer\" href=\"#\" target=\"_blank\" rel=\"noopener\">Naprawa BPV | EGR - Oferta<\/a>\n\t\t\t\t\t\t<\/sr7-slide>\n\t\t\t\t\t\t<sr7-slide id=\"SR7_1_1-3\" data-key=\"3\">\n\t\t\t\t\t\t\t<sr7-bg id=\"SR7_1_1-3-7\" class=\"sr7-layer\"><noscript><img decoding=\"async\" src=\"https:\/\/xn--turbosprarki-cwb00l.pl\/wp-content\/uploads\/2025\/11\/Regeneracja-VTG-2.webp\" alt=\"\" title=\"Regeneracja VTG &#8211; 2\"><\/noscript><\/sr7-bg>\n\t\t\t\t\t\t\t<h2 id=\"SR7_1_1-3-0\" class=\"sr7-layer\">REGENERACJA<br \/>\nZAWOR\u00d3W<br \/>\nVTG<\/h2>\n\t\t\t\t\t\t\t<p id=\"SR7_1_1-3-2\" class=\"sr7-layer\">Naprawa sterownik\u00f3w do turbospr\u0119\u017carek DAF XF 106, Scania, Cummins, zawor\u00f3w VTG,VGT, Holset<\/p>\n\t\t\t\t\t\t\t<h4 id=\"SR7_1_1-3-3\" class=\"sr7-layer\">cz\u0119\u015bci mechanicznej i elektronicznej.<\/h4>\n\t\t\t\t\t\t\t<a id=\"SR7_1_1-3-4\" class=\"sr7-layer\" href=\"#\" target=\"_blank\" rel=\"noopener\">Naprawy VTG - Oferta<\/a>\n\t\t\t\t\t\t<\/sr7-slide>\n\t\t\t\t\t\t<sr7-slide id=\"SR7_1_1-4\" data-key=\"4\">\n\t\t\t\t\t\t\t<sr7-bg id=\"SR7_1_1-4-7\" class=\"sr7-layer\"><noscript><img decoding=\"async\" src=\"https:\/\/xn--turbosprarki-cwb00l.pl\/wp-content\/uploads\/2025\/11\/Regeneracja-sprezarek-powietrza-2.webp\" alt=\"\" title=\"Regeneracja spr\u0119\u017carek powietrza &#8211; 2\"><\/noscript><\/sr7-bg>\n\t\t\t\t\t\t\t<h2 id=\"SR7_1_1-4-0\" class=\"sr7-layer\">REGENERACJA SPR\u0118\u017bAREK POWIETRZA<\/h2>\n\t\t\t\t\t\t\t<p id=\"SR7_1_1-4-2\" class=\"sr7-layer\">Naprawy spr\u0119\u017carek do Audi, Bmw, Citroen, Fiat, Ford, Skoda, Nissan, DAF, Scania, Man, Mercedes<\/p>\n\t\t\t\t\t\t\t<h4 id=\"SR7_1_1-4-3\" class=\"sr7-layer\">NAPRAWY KOMPRESOR\u00d3W WSZYSTKIE MARKI<\/h4>\n\t\t\t\t\t\t\t<a id=\"SR7_1_1-4-4\" class=\"sr7-layer\" href=\"#\" target=\"_blank\" rel=\"noopener\">Naprawy spr\u0119\u017carek - Oferta<\/a>\n\t\t\t\t\t\t<\/sr7-slide>\n\t\t\t\t\t\t<sr7-slide id=\"SR7_1_1-5\" data-key=\"5\">\n\t\t\t\t\t\t\t<sr7-bg id=\"SR7_1_1-5-7\" class=\"sr7-layer\"><noscript><img decoding=\"async\" src=\"https:\/\/xn--turbosprarki-cwb00l.pl\/wp-content\/uploads\/2025\/11\/Naprawy-aut-2.webp\" alt=\"\" title=\"Naprawy aut &#8211; 2\"><\/noscript><\/sr7-bg>\n\t\t\t\t\t\t\t<h2 id=\"SR7_1_1-5-0\" class=\"sr7-layer\">TYLKO ORGINALNE CZ\u0118\u015aCI<\/h2>\n\t\t\t\t\t\t\t<p id=\"SR7_1_1-5-2\" class=\"sr7-layer\">Regenerujemy inne poddzespo\u0142y do samochod\u00f3w osobowych, ci\u0119\u017carowych i maszyn rolniczych.<br \/>\nZadzwo\u0144 lub napisz!<\/p>\n\t\t\t\t\t\t\t<h4 id=\"SR7_1_1-5-3\" class=\"sr7-layer\">Podzespo\u0142y marki melett<\/h4>\n\t\t\t\t\t\t\t<a id=\"SR7_1_1-5-4\" class=\"sr7-layer\" href=\"#\" target=\"_blank\" rel=\"noopener\">Wy\u015blij zapytanie<\/a>\n\t\t\t\t\t\t<\/sr7-slide>\n\t\t\t\t\t\t<sr7-slide id=\"SR7_1_1-6\" data-key=\"6\">\n\t\t\t\t\t\t<\/sr7-slide>\n\t\t\t\t\t<\/sr7-content>\n\t\t\t\t\t<image_lists style=\"display:none\">\n\t\t\t\t\t\t<img data-src=\"\/\/xn--turbosprarki-cwb00l.pl\/wp-content\/uploads\/2025\/11\/Regeneracja-turbosprezarek.webp\" data-libid=\"52\" title=\"Regeneracja turbospr\u0119\u017carek\" width=\"0\" height=\"0\" data-dbsrc=\"Ly94bi0tdHVyYm9zcHJhcmtpLWN3YjAwbC5wbC93cC1jb250ZW50L3VwbG9hZHMvMjAyNS8xMS9SZWdlbmVyYWNqYS10dXJib3NwcmV6YXJlay53ZWJw\"\/>\n\t\t\t\t\t\t<img data-src=\"\/\/xn--turbosprarki-cwb00l.pl\/wp-content\/uploads\/2025\/11\/Regeneracja-turbin.webp\" data-libid=\"55\" data-lib=\"medialibrary\" title=\"Regeneracja turbin\" width=\"0\" height=\"0\" data-dbsrc=\"Ly94bi0tdHVyYm9zcHJhcmtpLWN3YjAwbC5wbC93cC1jb250ZW50L3VwbG9hZHMvMjAyNS8xMS9SZWdlbmVyYWNqYS10dXJiaW4ud2VicA==\"\/>\n\t\t\t\t\t\t<img data-src=\"\/\/xn--turbosprarki-cwb00l.pl\/wp-content\/uploads\/2025\/11\/Regeneracja-BPV-EGR-1.webp\" data-libid=\"57\" title=\"Regeneracja BPV EGR\" width=\"0\" height=\"0\" data-dbsrc=\"Ly94bi0tdHVyYm9zcHJhcmtpLWN3YjAwbC5wbC93cC1jb250ZW50L3VwbG9hZHMvMjAyNS8xMS9SZWdlbmVyYWNqYS1CUFYtRUdSLTEud2VicA==\"\/>\n\t\t\t\t\t\t<img loading=\"lazy\" data-src=\"\/\/xn--turbosprarki-cwb00l.pl\/wp-content\/uploads\/2025\/11\/Regeneracja-BPV-EGR.webp\" data-libid=\"56\" data-lib=\"medialibrary\" title=\"Regeneracja BPV &#8211; EGR\" width=\"0\" height=\"0\" data-dbsrc=\"Ly94bi0tdHVyYm9zcHJhcmtpLWN3YjAwbC5wbC93cC1jb250ZW50L3VwbG9hZHMvMjAyNS8xMS9SZWdlbmVyYWNqYS1CUFYtRUdSLndlYnA=\"\/>\n\t\t\t\t\t\t<img loading=\"lazy\" data-src=\"\/\/xn--turbosprarki-cwb00l.pl\/wp-content\/uploads\/2025\/11\/Regeneracja-VTG.webp\" data-libid=\"58\" title=\"Regeneracja VTG\" width=\"0\" height=\"0\" data-dbsrc=\"Ly94bi0tdHVyYm9zcHJhcmtpLWN3YjAwbC5wbC93cC1jb250ZW50L3VwbG9hZHMvMjAyNS8xMS9SZWdlbmVyYWNqYS1WVEcud2VicA==\"\/>\n\t\t\t\t\t\t<img loading=\"lazy\" data-src=\"\/\/xn--turbosprarki-cwb00l.pl\/wp-content\/uploads\/2025\/11\/Regeneracja-VTG-2.webp\" data-libid=\"59\" data-lib=\"medialibrary\" title=\"Regeneracja VTG &#8211; 2\" width=\"0\" height=\"0\" data-dbsrc=\"Ly94bi0tdHVyYm9zcHJhcmtpLWN3YjAwbC5wbC93cC1jb250ZW50L3VwbG9hZHMvMjAyNS8xMS9SZWdlbmVyYWNqYS1WVEctMi53ZWJw\"\/>\n\t\t\t\t\t\t<img loading=\"lazy\" data-src=\"\/\/xn--turbosprarki-cwb00l.pl\/wp-content\/uploads\/2025\/11\/Regeneracja-sprezarek-powietrza.webp\" data-libid=\"60\" title=\"Regeneracja spr\u0119\u017carek powietrza\" width=\"0\" height=\"0\" data-dbsrc=\"Ly94bi0tdHVyYm9zcHJhcmtpLWN3YjAwbC5wbC93cC1jb250ZW50L3VwbG9hZHMvMjAyNS8xMS9SZWdlbmVyYWNqYS1zcHJlemFyZWstcG93aWV0cnphLndlYnA=\"\/>\n\t\t\t\t\t\t<img loading=\"lazy\" data-src=\"\/\/xn--turbosprarki-cwb00l.pl\/wp-content\/uploads\/2025\/11\/Regeneracja-sprezarek-powietrza-2.webp\" data-libid=\"61\" data-lib=\"medialibrary\" title=\"Regeneracja spr\u0119\u017carek powietrza &#8211; 2\" width=\"0\" height=\"0\" data-dbsrc=\"Ly94bi0tdHVyYm9zcHJhcmtpLWN3YjAwbC5wbC93cC1jb250ZW50L3VwbG9hZHMvMjAyNS8xMS9SZWdlbmVyYWNqYS1zcHJlemFyZWstcG93aWV0cnphLTIud2VicA==\"\/>\n\t\t\t\t\t\t<img loading=\"lazy\" data-src=\"\/\/xn--turbosprarki-cwb00l.pl\/wp-content\/uploads\/2025\/11\/Naprawy-aut-2-1.webp\" data-libid=\"64\" title=\"Naprawy aut &#8211; 2\" width=\"0\" height=\"0\" data-dbsrc=\"Ly94bi0tdHVyYm9zcHJhcmtpLWN3YjAwbC5wbC93cC1jb250ZW50L3VwbG9hZHMvMjAyNS8xMS9OYXByYXd5LWF1dC0yLTEud2VicA==\"\/>\n\t\t\t\t\t\t<img loading=\"lazy\" data-src=\"\/\/xn--turbosprarki-cwb00l.pl\/wp-content\/uploads\/2025\/11\/Naprawy-aut-2.webp\" data-libid=\"63\" data-lib=\"medialibrary\" title=\"Naprawy aut &#8211; 2\" width=\"0\" height=\"0\" data-dbsrc=\"Ly94bi0tdHVyYm9zcHJhcmtpLWN3YjAwbC5wbC93cC1jb250ZW50L3VwbG9hZHMvMjAyNS8xMS9OYXByYXd5LWF1dC0yLndlYnA=\"\/>\n\t\t\t\t\t<\/image_lists>\n\t\t\t\t<\/sr7-module>\n\t\t\t\t<script>\n\t\t\t\t\tSR7.PMH ??={}; SR7.PMH[\"SR7_1_1\"] = {cn:100,state:false,fn: function() { if (_tpt!==undefined && _tpt.prepareModuleHeight !== undefined) {  _tpt.prepareModuleHeight({id:\"SR7_1_1\",el:[800,800,700,500,500],type:'standard',shdw:'0',gh:[800,800,700,500,500],gw:[1240,1240,1024,778,480],vpt:['-100px&#039;,&#039;-100px&#039;,&#039;-100px&#039;,&#039;-100px&#039;,&#039;-100px'],size:{fullWidth:true, fullHeight:true},fho:'#masthead,',mh:'0',onh:90,onw:0,bg:{color:'{\"type\":\"solid\",\"orig\":\"#000000\",\"string\":\"rgba(0, 0, 0, 1)\"}'}});   SR7.PMH[\"SR7_1_1\"].state=true;} else if(SR7.PMH[\"SR7_1_1\"].cn-->0)\tsetTimeout( SR7.PMH[\"SR7_1_1\"].fn,19);}};SR7.PMH[\"SR7_1_1\" ].fn();\n\t\t\t\t<\/script>\n<\/div>\n\n\t\t\t\t\t\t<\/div>\n\t\t\t\t<\/div>\n\t\t\t\t\t<\/div>\n\t\t\t\t<\/div>\n\t\t<div class=\"elementor-element elementor-element-dcebf38 e-flex e-con-boxed e-con e-parent\" data-id=\"dcebf38\" data-element_type=\"container\" data-settings=\"{&quot;background_background&quot;:&quot;classic&quot;}\">\n\t\t\t\t\t<div class=\"e-con-inner\">\n\t\t<div class=\"elementor-element elementor-element-4ff69fb e-grid e-con-full e-con e-child\" data-id=\"4ff69fb\" data-element_type=\"container\">\n\t\t\t\t<div class=\"elementor-element elementor-element-41f1c81 exad-sticky-section-no exad-glass-effect-no elementor-invisible elementor-widget elementor-widget-exad-flipbox\" data-id=\"41f1c81\" data-element_type=\"widget\" data-settings=\"{&quot;_animation&quot;:&quot;fadeInLeft&quot;}\" data-widget_type=\"exad-flipbox.default\">\n\t\t\t\t<div class=\"elementor-widget-container\">\n\t\t\t\t\t\r\n\t\t<div class=\"exad-flip-box\">\r\n\t      \t<div class=\"exad-flip-box-inner fade-in-out\">\r\n\t        \t<div class=\"exad-flip-box-front center\">\r\n\t\t\t\t\t<div class=\"exad-flip-box-front-overlay\"><\/div>\r\n\t        \t\t<div class=\"exad-flip-box-front-content\">\r\n\t\t\t\t\t\t\t\t\t\t\t\r\n\t\t\t\t        <h3 class=\"exad-flip-box-front-title\">\r\n\t\t\t\t\t\t\tRegeneracja turbospr\u0119\u017carek\t\t\t\t\t\t<\/h3>\r\n\t\t\t\t\t\t\r\n\t\t\t\t\t\t\t\t\t\t\t\t\r\n\t\t\t\t        <div class=\"exad-flip-box-front-description\">\r\n\t\t\t\t\t\tOd lat specjalizujemy si\u0119 w us\u0142ugach regeneracji podzespo\u0142\u00f3w zar\u00f3wno w samochodach osobowych, dostawczych jak i ci\u0119\u017carowych \u2013 nasza specjalno\u015b\u0107 to regeneracja turbospr\u0119\u017carek. Posiadamy wieloletnie do\u015bwiadczenie i wiemy czego oczekuj\u0105 klienci.\t\t\t\t\t\t<\/div>\r\n\t\t\t\t\t\t\r\n\t\t\t\t\t\t\t        \t\t<\/div>\r\n\t        \t<\/div>\r\n\r\n\t\t        <div class=\"exad-flip-box-back center\">\r\n\t\t\t\t\t<div class=\"exad-flip-box-back-overlay\"><\/div>\r\n\t\t        \t<div class=\"exad-flip-box-back-content\">\r\n\t\t\t        \t\t\t\t\t\t\r\n\t\t\t\t        <h2 class=\"exad-flip-box-back-title\">\r\n\t\t\t\t\t\t\tNAPRAWY TURBOSPR\u0118\u017bAREK\t\t\t\t\t\t<\/h2>\r\n\t\t\t\t\t\t\r\n\t\t\t\t\t\t\t\t\t\t\t\t\t<a class=\"exad-flip-box-back-action\" href=\"#\">\r\n\t\t\t\t\t\t\t\t<span >OFERTA<\/span>\r\n\t\t\t\t\t\t\t<\/a>\r\n\t\t\t\t\t\t\t\t\t        <\/div>\r\n\t\t        <\/div>\r\n\t      \t<\/div>\r\n\t    <\/div>\r\n\t\t\t\t\t<\/div>\n\t\t\t\t<\/div>\n\t\t\t\t<\/div>\n\t\t\t\t\t<\/div>\n\t\t\t\t<\/div>\n\t\t<div class=\"elementor-element elementor-element-3b41738 e-flex e-con-boxed e-con e-parent\" data-id=\"3b41738\" data-element_type=\"container\" data-settings=\"{&quot;background_background&quot;:&quot;classic&quot;}\">\n\t\t\t\t\t<div class=\"e-con-inner\">\n\t\t<div class=\"elementor-element elementor-element-0f204e4 e-grid e-con-full e-con e-child\" data-id=\"0f204e4\" data-element_type=\"container\">\n\t\t\t\t<div class=\"elementor-element elementor-element-27badfe exad-sticky-section-no exad-glass-effect-no elementor-widget elementor-widget-spacer\" data-id=\"27badfe\" data-element_type=\"widget\" data-widget_type=\"spacer.default\">\n\t\t\t\t<div class=\"elementor-widget-container\">\n\t\t\t\t\t\t\t<div class=\"elementor-spacer\">\n\t\t\t<div class=\"elementor-spacer-inner\"><\/div>\n\t\t<\/div>\n\t\t\t\t\t\t<\/div>\n\t\t\t\t<\/div>\n\t\t\t\t<div class=\"elementor-element elementor-element-2162a42 exad-sticky-section-no exad-glass-effect-no elementor-invisible elementor-widget elementor-widget-exad-flipbox\" data-id=\"2162a42\" data-element_type=\"widget\" data-settings=\"{&quot;_animation&quot;:&quot;fadeInRight&quot;}\" data-widget_type=\"exad-flipbox.default\">\n\t\t\t\t<div class=\"elementor-widget-container\">\n\t\t\t\t\t\r\n\t\t<div class=\"exad-flip-box\">\r\n\t      \t<div class=\"exad-flip-box-inner fade-in-out\">\r\n\t        \t<div class=\"exad-flip-box-front center\">\r\n\t\t\t\t\t<div class=\"exad-flip-box-front-overlay\"><\/div>\r\n\t        \t\t<div class=\"exad-flip-box-front-content\">\r\n\t\t\t\t\t\t\t\t\t\t\t\r\n\t\t\t\t        <h3 class=\"exad-flip-box-front-title\">\r\n\t\t\t\t\t\t\tNaprawa sterownik\u00f3w do turbospr\u0119\u017carek\t\t\t\t\t\t<\/h3>\r\n\t\t\t\t\t\t\r\n\t\t\t\t\t\t\t\t\t\t\t\t\r\n\t\t\t\t        <div class=\"exad-flip-box-front-description\">\r\n\t\t\t\t\t\tDzi\u0119ki naszemu do\u015bwiadczeniu oferujemy profesjonaln\u0105 napraw\u0119 sterownik\u00f3w do turbospr\u0119\u017carek DAF XF 106, Scania, Cummins, zawor\u00f3w VTG,VGT, Holset.\t\t\t\t\t\t<\/div>\r\n\t\t\t\t\t\t\r\n\t\t\t\t\t\t\t        \t\t<\/div>\r\n\t        \t<\/div>\r\n\r\n\t\t        <div class=\"exad-flip-box-back center\">\r\n\t\t\t\t\t<div class=\"exad-flip-box-back-overlay\"><\/div>\r\n\t\t        \t<div class=\"exad-flip-box-back-content\">\r\n\t\t\t        \t\t\t\t\t\t\r\n\t\t\t\t        <h2 class=\"exad-flip-box-back-title\">\r\n\t\t\t\t\t\t\tNAPRAWY TURBOSPR\u0118\u017bAREK\t\t\t\t\t\t<\/h2>\r\n\t\t\t\t\t\t\r\n\t\t\t\t\t\t\t\t\t\t\t\t\t<a class=\"exad-flip-box-back-action\" href=\"#\">\r\n\t\t\t\t\t\t\t\t<span >OFERTA<\/span>\r\n\t\t\t\t\t\t\t<\/a>\r\n\t\t\t\t\t\t\t\t\t        <\/div>\r\n\t\t        <\/div>\r\n\t      \t<\/div>\r\n\t    <\/div>\r\n\t\t\t\t\t<\/div>\n\t\t\t\t<\/div>\n\t\t\t\t<\/div>\n\t\t\t\t\t<\/div>\n\t\t\t\t<\/div>\n\t\t<div class=\"elementor-element elementor-element-f6cd404 e-flex e-con-boxed e-con e-parent\" data-id=\"f6cd404\" data-element_type=\"container\" data-settings=\"{&quot;background_background&quot;:&quot;classic&quot;}\">\n\t\t\t\t\t<div class=\"e-con-inner\">\n\t\t<div class=\"elementor-element elementor-element-c21f27b e-grid e-con-full e-con e-child\" data-id=\"c21f27b\" data-element_type=\"container\">\n\t\t\t\t<div class=\"elementor-element elementor-element-5c27aed exad-sticky-section-no exad-glass-effect-no elementor-invisible elementor-widget elementor-widget-exad-flipbox\" data-id=\"5c27aed\" data-element_type=\"widget\" data-settings=\"{&quot;_animation&quot;:&quot;fadeInLeft&quot;}\" data-widget_type=\"exad-flipbox.default\">\n\t\t\t\t<div class=\"elementor-widget-container\">\n\t\t\t\t\t\r\n\t\t<div class=\"exad-flip-box\">\r\n\t      \t<div class=\"exad-flip-box-inner fade-in-out\">\r\n\t        \t<div class=\"exad-flip-box-front center\">\r\n\t\t\t\t\t<div class=\"exad-flip-box-front-overlay\"><\/div>\r\n\t        \t\t<div class=\"exad-flip-box-front-content\">\r\n\t\t\t\t\t\t\t\t\t\t\t\r\n\t\t\t\t        <h3 class=\"exad-flip-box-front-title\">\r\n\t\t\t\t\t\t\tRegeneracja turbospr\u0119\u017carek\t\t\t\t\t\t<\/h3>\r\n\t\t\t\t\t\t\r\n\t\t\t\t\t\t\t\t\t\t\t\t\r\n\t\t\t\t        <div class=\"exad-flip-box-front-description\">\r\n\t\t\t\t\t\tOd lat specjalizujemy si\u0119 w us\u0142ugach regeneracji podzespo\u0142\u00f3w zar\u00f3wno w samochodach osobowych, dostawczych jak i ci\u0119\u017carowych \u2013 nasza specjalno\u015b\u0107 to regeneracja turbospr\u0119\u017carek. Posiadamy wieloletnie do\u015bwiadczenie i wiemy czego oczekuj\u0105 klienci.\t\t\t\t\t\t<\/div>\r\n\t\t\t\t\t\t\r\n\t\t\t\t\t\t\t        \t\t<\/div>\r\n\t        \t<\/div>\r\n\r\n\t\t        <div class=\"exad-flip-box-back center\">\r\n\t\t\t\t\t<div class=\"exad-flip-box-back-overlay\"><\/div>\r\n\t\t        \t<div class=\"exad-flip-box-back-content\">\r\n\t\t\t        \t\t\t\t\t\t\r\n\t\t\t\t        <h2 class=\"exad-flip-box-back-title\">\r\n\t\t\t\t\t\t\tNAPRAWY TURBOSPR\u0118\u017bAREK\t\t\t\t\t\t<\/h2>\r\n\t\t\t\t\t\t\r\n\t\t\t\t\t\t\t\t\t\t\t\t\t<a class=\"exad-flip-box-back-action\" href=\"#\">\r\n\t\t\t\t\t\t\t\t<span >OFERTA<\/span>\r\n\t\t\t\t\t\t\t<\/a>\r\n\t\t\t\t\t\t\t\t\t        <\/div>\r\n\t\t        <\/div>\r\n\t      \t<\/div>\r\n\t    <\/div>\r\n\t\t\t\t\t<\/div>\n\t\t\t\t<\/div>\n\t\t\t\t<\/div>\n\t\t\t\t\t<\/div>\n\t\t\t\t<\/div>\n\t\t\t\t<\/div>\n\t\t","protected":false},"excerpt":{"rendered":"<p>Regeneracja turbospr\u0119\u017carek Od lat specjalizujemy si\u0119 w us\u0142ugach regeneracji podzespo\u0142\u00f3w zar\u00f3wno w samochodach osobowych, dostawczych jak i ci\u0119\u017carowych \u2013 nasza specjalno\u015b\u0107 to regeneracja turbospr\u0119\u017carek. Posiadamy wieloletnie do\u015bwiadczenie i wiemy czego oczekuj\u0105 klienci. NAPRAWY TURBOSPR\u0118\u017bAREK OFERTA Naprawa sterownik\u00f3w do turbospr\u0119\u017carek Dzi\u0119ki naszemu do\u015bwiadczeniu oferujemy profesjonaln\u0105 napraw\u0119 sterownik\u00f3w do turbospr\u0119\u017carek DAF XF 106, Scania, Cummins, zawor\u00f3w VTG,VGT, [&hellip;]<\/p>\n","protected":false},"author":1,"featured_media":0,"parent":0,"menu_order":0,"comment_status":"closed","ping_status":"open","template":"","meta":{"footnotes":""},"class_list":["post-2","page","type-page","status-publish","hentry"],"_links":{"self":[{"href":"https:\/\/xn--turbosprarki-cwb00l.pl\/index.php?rest_route=\/wp\/v2\/pages\/2","targetHints":{"allow":["GET"]}}],"collection":[{"href":"https:\/\/xn--turbosprarki-cwb00l.pl\/index.php?rest_route=\/wp\/v2\/pages"}],"about":[{"href":"https:\/\/xn--turbosprarki-cwb00l.pl\/index.php?rest_route=\/wp\/v2\/types\/page"}],"author":[{"embeddable":true,"href":"https:\/\/xn--turbosprarki-cwb00l.pl\/index.php?rest_route=\/wp\/v2\/users\/1"}],"replies":[{"embeddable":true,"href":"https:\/\/xn--turbosprarki-cwb00l.pl\/index.php?rest_route=%2Fwp%2Fv2%2Fcomments&post=2"}],"version-history":[{"count":97,"href":"https:\/\/xn--turbosprarki-cwb00l.pl\/index.php?rest_route=\/wp\/v2\/pages\/2\/revisions"}],"predecessor-version":[{"id":199,"href":"https:\/\/xn--turbosprarki-cwb00l.pl\/index.php?rest_route=\/wp\/v2\/pages\/2\/revisions\/199"}],"wp:attachment":[{"href":"https:\/\/xn--turbosprarki-cwb00l.pl\/index.php?rest_route=%2Fwp%2Fv2%2Fmedia&parent=2"}],"curies":[{"name":"wp","href":"https:\/\/api.w.org\/{rel}","templated":true}]}}